{"id":3,"date":"2025-01-25T17:14:41","date_gmt":"2025-01-25T17:14:41","guid":{"rendered":"http:\/\/e-c-partners.com\/?page_id=3"},"modified":"2025-04-05T17:35:26","modified_gmt":"2025-04-05T15:35:26","slug":"privacy-policy","status":"publish","type":"page","link":"https:\/\/e-c-partners.com\/en\/privacy-policy\/","title":{"rendered":"Terms and Conditions"},"content":{"rendered":"<div data-elementor-type=\"wp-page\" data-elementor-id=\"3\" class=\"elementor elementor-3\" data-elementor-post-type=\"page\">\n\t\t\t\t\t\t<header class=\"elementor-section elementor-top-section elementor-element elementor-element-db0766a elementor-section-full_width elementor-section-content-middle elementor-section-stretched elementor-section-height-default elementor-section-height-default\" data-id=\"db0766a\" data-element_type=\"section\" data-e-type=\"section\" data-settings=\"{&quot;stretch_section&quot;:&quot;section-stretched&quot;}\">\n\t\t\t\t\t\t<div class=\"elementor-container elementor-column-gap-wide\">\n\t\t\t\t\t<div class=\"elementor-column elementor-col-50 elementor-top-column elementor-element elementor-element-c704867\" data-id=\"c704867\" data-element_type=\"column\" data-e-type=\"column\">\n\t\t\t<div class=\"elementor-widget-wrap elementor-element-populated\">\n\t\t\t\t\t\t<div class=\"elementor-element elementor-element-10900b6 elementor-widget__width-initial elementor-widget elementor-widget-image\" data-id=\"10900b6\" data-element_type=\"widget\" data-e-type=\"widget\" data-widget_type=\"image.default\">\n\t\t\t\t<div class=\"elementor-widget-container\">\n\t\t\t\t\t\t\t\t\t\t\t\t\t\t\t\t<a href=\"https:\/\/e-c-partners.com\/en\">\n\t\t\t\t\t\t\t<img fetchpriority=\"high\" decoding=\"async\" width=\"4688\" height=\"1094\" src=\"https:\/\/e-c-partners.com\/wp-content\/uploads\/2025\/01\/1.png\" class=\"attachment-full size-full wp-image-17\" alt=\"\" srcset=\"https:\/\/e-c-partners.com\/wp-content\/uploads\/2025\/01\/1.png 4688w, https:\/\/e-c-partners.com\/wp-content\/uploads\/2025\/01\/1-300x70.png 300w, https:\/\/e-c-partners.com\/wp-content\/uploads\/2025\/01\/1-1024x239.png 1024w, https:\/\/e-c-partners.com\/wp-content\/uploads\/2025\/01\/1-768x179.png 768w, https:\/\/e-c-partners.com\/wp-content\/uploads\/2025\/01\/1-1536x358.png 1536w, https:\/\/e-c-partners.com\/wp-content\/uploads\/2025\/01\/1-2048x478.png 2048w\" sizes=\"(max-width: 4688px) 100vw, 4688px\" \/>\t\t\t\t\t\t\t\t<\/a>\n\t\t\t\t\t\t\t\t\t\t\t\t\t\t\t<\/div>\n\t\t\t\t<\/div>\n\t\t\t\t\t<\/div>\n\t\t<\/div>\n\t\t\t\t<div class=\"elementor-column elementor-col-50 elementor-top-column elementor-element elementor-element-8fce300\" data-id=\"8fce300\" data-element_type=\"column\" data-e-type=\"column\">\n\t\t\t<div class=\"elementor-widget-wrap elementor-element-populated\">\n\t\t\t\t\t\t<div class=\"elementor-element elementor-element-4a16c7d elementor-nav-menu--stretch elementor-widget__width-auto elementor-nav-menu__text-align-center elementor-nav-menu--dropdown-tablet elementor-nav-menu--toggle elementor-nav-menu--burger elementor-widget elementor-widget-nav-menu\" data-id=\"4a16c7d\" data-element_type=\"widget\" data-e-type=\"widget\" data-settings=\"{&quot;full_width&quot;:&quot;stretch&quot;,&quot;layout&quot;:&quot;horizontal&quot;,&quot;submenu_icon&quot;:{&quot;value&quot;:&quot;&lt;i class=\\&quot;fas fa-caret-down\\&quot; aria-hidden=\\&quot;true\\&quot;&gt;&lt;\\\/i&gt;&quot;,&quot;library&quot;:&quot;fa-solid&quot;},&quot;toggle&quot;:&quot;burger&quot;}\" data-widget_type=\"nav-menu.default\">\n\t\t\t\t<div class=\"elementor-widget-container\">\n\t\t\t\t\t\t\t\t<nav aria-label=\"Neues Men\u00fc\" class=\"elementor-nav-menu--main elementor-nav-menu__container elementor-nav-menu--layout-horizontal e--pointer-background e--animation-sweep-right\">\n\t\t\t\t<ul id=\"menu-1-4a16c7d\" class=\"elementor-nav-menu\"><li class=\"menu-item menu-item-type-custom menu-item-object-custom menu-item-255\"><a href=\"https:\/\/e-c-partners.com\/en\/#Leistungen\" class=\"elementor-item elementor-item-anchor menu-link\">Services<\/a><\/li>\n<li class=\"menu-item menu-item-type-custom menu-item-object-custom menu-item-254\"><a href=\"https:\/\/e-c-partners.com\/en\/#Kontakt\" class=\"elementor-item elementor-item-anchor menu-link\">Contact<\/a><\/li>\n<li class=\"menu-item menu-item-type-custom menu-item-object-custom menu-item-256\"><a href=\"https:\/\/e-c-partners.com\/en\/#Jobs\" class=\"elementor-item elementor-item-anchor menu-link\">Jobs<\/a><\/li>\n<\/ul>\t\t\t<\/nav>\n\t\t\t\t\t<div class=\"elementor-menu-toggle\" role=\"button\" tabindex=\"0\" aria-label=\"Menu Toggle\" aria-expanded=\"false\">\n\t\t\t<i aria-hidden=\"true\" role=\"presentation\" class=\"elementor-menu-toggle__icon--open eicon-menu-bar\"><\/i><i aria-hidden=\"true\" role=\"presentation\" class=\"elementor-menu-toggle__icon--close eicon-close\"><\/i>\t\t<\/div>\n\t\t\t\t\t<nav class=\"elementor-nav-menu--dropdown elementor-nav-menu__container\" aria-hidden=\"true\">\n\t\t\t\t<ul id=\"menu-2-4a16c7d\" class=\"elementor-nav-menu\"><li class=\"menu-item menu-item-type-custom menu-item-object-custom menu-item-255\"><a href=\"https:\/\/e-c-partners.com\/en\/#Leistungen\" class=\"elementor-item elementor-item-anchor menu-link\" tabindex=\"-1\">Services<\/a><\/li>\n<li class=\"menu-item menu-item-type-custom menu-item-object-custom menu-item-254\"><a href=\"https:\/\/e-c-partners.com\/en\/#Kontakt\" class=\"elementor-item elementor-item-anchor menu-link\" tabindex=\"-1\">Contact<\/a><\/li>\n<li class=\"menu-item menu-item-type-custom menu-item-object-custom menu-item-256\"><a href=\"https:\/\/e-c-partners.com\/en\/#Jobs\" class=\"elementor-item elementor-item-anchor menu-link\" tabindex=\"-1\">Jobs<\/a><\/li>\n<\/ul>\t\t\t<\/nav>\n\t\t\t\t\t\t<\/div>\n\t\t\t\t<\/div>\n\t\t\t\t\t<\/div>\n\t\t<\/div>\n\t\t\t\t\t<\/div>\n\t\t<\/header>\n\t\t\t\t<section class=\"elementor-section elementor-top-section elementor-element elementor-element-804c050 elementor-section-boxed elementor-section-height-default elementor-section-height-default\" data-id=\"804c050\" data-element_type=\"section\" data-e-type=\"section\">\n\t\t\t\t\t\t<div class=\"elementor-container elementor-column-gap-default\">\n\t\t\t\t\t<div class=\"elementor-column elementor-col-100 elementor-top-column elementor-element elementor-element-e0a3632\" data-id=\"e0a3632\" data-element_type=\"column\" data-e-type=\"column\">\n\t\t\t<div class=\"elementor-widget-wrap elementor-element-populated\">\n\t\t\t\t\t\t<div class=\"elementor-element elementor-element-65baec9 elementor-widget elementor-widget-text-editor\" data-id=\"65baec9\" data-element_type=\"widget\" data-e-type=\"widget\" data-widget_type=\"text-editor.default\">\n\t\t\t\t<div class=\"elementor-widget-container\">\n\t\t\t\t\t\t\t\t\t<h2 data-start=\"225\" data-end=\"271\"><strong data-start=\"228\" data-end=\"269\">Terms and Conditions<\/strong><\/h2><p data-start=\"272\" data-end=\"384\"><strong data-start=\"272\" data-end=\"309\">European Consulting Partners FZCO<\/strong><br data-start=\"309\" data-end=\"312\" \/>IFZA Business Park\nDubai Silicon Oasis\nDubai, United Arab Emirates<\/p><h3 data-start=\"391\" data-end=\"417\"><strong data-start=\"395\" data-end=\"417\">1. Geltungsbereich<\/strong><\/h3><p data-start=\"419\" data-end=\"824\">Diese Allgemeinen Gesch\u00e4ftsbedingungen (AGB) gelten f\u00fcr s\u00e4mtliche Leistungen der European Consulting Partners FZCO (im Folgenden \u201eAnbieter\u201c), die \u00fcber die Website <a href=\"https:\/\/e-c-partners.com\/en\/\" target=\"_new\" rel=\"noopener\" data-start=\"582\" data-end=\"634\">www.e-c-partners.com<\/a> oder auf anderem Wege (z.\u202fB. per E-Mail, telefonisch oder digital) erbracht werden.<br data-start=\"718\" data-end=\"721\" \/>Die AGB richten sich an Kunden mit Wohnsitz in Deutschland sowie im Europ\u00e4ischen Wirtschaftsraum (EWR).<\/p><h3 data-start=\"831\" data-end=\"866\"><strong data-start=\"835\" data-end=\"866\">2. Leistungen des Anbieters<\/strong><\/h3><p data-start=\"868\" data-end=\"1248\">Der Anbieter vermittelt auf Wunsch des Kunden den Kontakt zu ausgew\u00e4hlten Drittanbietern, insbesondere Projektentwicklern, Investmentgesellschaften, Banken oder sonstigen Finanzdienstleistern mit Sitz in den Vereinigten Arabischen Emiraten (VAE), <strong data-start=\"1115\" data-end=\"1247\">sowie in ausgew\u00e4hlten internationalen Finanzpl\u00e4tzen wie der Schweiz, Luxemburg, den USA, Hongkong und dem Vereinigten K\u00f6nigreich<\/strong>.<\/p><p data-start=\"1250\" data-end=\"1636\">Die Kontaktweitergabe an Dritte erfolgt <strong data-start=\"1290\" data-end=\"1375\">ausschlie\u00dflich nach vorheriger Absprache und ausdr\u00fccklicher Zustimmung des Kunden<\/strong>. Es wird stets individuell gepr\u00fcft, ob und welche Drittanbieter zur jeweiligen Kundensituation passen. Erst nach gemeinsamer Erstellung einer potenziellen L\u00f6sung erh\u00e4lt der Kunde ein Angebot. Eine Weitergabe von Kundendaten ohne Einwilligung erfolgt <strong data-start=\"1626\" data-end=\"1635\">nicht<\/strong>.<\/p><p data-start=\"1638\" data-end=\"1886\">Der Anbieter bietet keine eigenen Anlageprodukte an und tritt nicht als Vertragspartner bei etwaigen Investitionen auf. S\u00e4mtliche Informationen dienen der Orientierung und stellen <strong data-start=\"1818\" data-end=\"1881\">weder eine Anlageberatung noch eine verbindliche Empfehlung<\/strong> dar.<\/p><h3 data-start=\"1893\" data-end=\"1933\"><strong data-start=\"1897\" data-end=\"1933\">3. Unverbindlichkeit der Inhalte<\/strong><\/h3><p data-start=\"1935\" data-end=\"2286\">Die bereitgestellten Inhalte auf der Website sowie in pers\u00f6nlichen Gespr\u00e4chen dienen ausschlie\u00dflich der allgemeinen Information. Trotz gr\u00f6\u00dfter Sorgfalt \u00fcbernimmt der Anbieter keine Gew\u00e4hr f\u00fcr die Richtigkeit, Vollst\u00e4ndigkeit oder Aktualit\u00e4t der bereitgestellten Informationen.<br data-start=\"2211\" data-end=\"2214\" \/>Die Entscheidung \u00fcber eine etwaige Investition liegt allein beim Kunden.<\/p><div>\u00a0<\/div><div><h3 data-start=\"2293\" data-end=\"2324\"><strong data-start=\"2297\" data-end=\"2324\">4. Kosten und Verg\u00fctung<\/strong><\/h3><p data-start=\"2326\" data-end=\"2620\">Die Vermittlung durch den Anbieter ist <strong data-start=\"2365\" data-end=\"2412\">f\u00fcr den Kunden unverbindlich und kostenfrei<\/strong>, solange nicht ausdr\u00fccklich eine kostenpflichtige Leistung vereinbart wurde. Etwaige Kosten entstehen <strong data-start=\"2515\" data-end=\"2588\">erst nach vorherigem Angebot und ausdr\u00fccklicher Zustimmung des Kunden<\/strong> in Textform (z.\u202fB. per E-Mail).<\/p><h3 data-start=\"2627\" data-end=\"2651\"><strong data-start=\"2631\" data-end=\"2651\">5. Kommunikation<\/strong><\/h3><p data-start=\"2653\" data-end=\"2814\">Die Kommunikation mit dem Anbieter erfolgt per E-Mail, Telefon oder \u00fcber digitale Kan\u00e4le. Der Kunde erkl\u00e4rt sich mit der digitalen Kontaktaufnahme einverstanden.<\/p><h3 data-start=\"2821\" data-end=\"2850\"><strong data-start=\"2825\" data-end=\"2850\">6. Haftungsausschluss<\/strong><\/h3><p data-start=\"2852\" data-end=\"3082\">Der Anbieter haftet nicht f\u00fcr die Inhalte, Leistungen oder Vertragsverh\u00e4ltnisse mit den vermittelten Dritten. Eine Haftung f\u00fcr leichte Fahrl\u00e4ssigkeit wird ausgeschlossen, sofern keine wesentlichen Vertragspflichten betroffen sind.<\/p><h3 data-start=\"3089\" data-end=\"3128\"><strong data-start=\"3093\" data-end=\"3128\">7. Rechtswahl und Gerichtsstand<\/strong><\/h3><p data-start=\"3130\" data-end=\"3376\">Es gilt das Recht der Bundesrepublik Deutschland. Die Bestimmungen des UN-Kaufrechts (CISG) finden keine Anwendung.<br data-start=\"3245\" data-end=\"3248\" \/>Sofern gesetzlich zul\u00e4ssig, ist ausschlie\u00dflicher Gerichtsstand f\u00fcr alle Streitigkeiten <strong data-start=\"3335\" data-end=\"3375\">der Sitz des Anbieters in Dubai, VAE<\/strong>.<\/p><h3 class=\"\" data-start=\"3383\" data-end=\"3413\"><strong data-start=\"3387\" data-end=\"3413\">8. Schlussbestimmungen<\/strong><\/h3><p class=\"\" data-start=\"3415\" data-end=\"3560\">Sollten einzelne Bestimmungen dieser AGB ganz oder teilweise unwirksam sein oder werden, bleibt die Wirksamkeit der \u00fcbrigen Regelungen unber\u00fchrt.<\/p><p data-start=\"2326\" data-end=\"2620\">\u00a0<\/p><\/div>\t\t\t\t\t\t\t\t<\/div>\n\t\t\t\t<\/div>\n\t\t\t\t\t<\/div>\n\t\t<\/div>\n\t\t\t\t\t<\/div>\n\t\t<\/section>\n\t\t\t\t<section class=\"elementor-section elementor-top-section elementor-element elementor-element-b91b96a elementor-section-full_width elementor-section-stretched elementor-section-height-default elementor-section-height-default\" data-id=\"b91b96a\" data-element_type=\"section\" data-e-type=\"section\" data-settings=\"{&quot;stretch_section&quot;:&quot;section-stretched&quot;,&quot;background_background&quot;:&quot;classic&quot;}\">\n\t\t\t\t\t\t<div class=\"elementor-container elementor-column-gap-default\">\n\t\t\t\t\t<div class=\"elementor-column elementor-col-100 elementor-top-column elementor-element elementor-element-9847842\" data-id=\"9847842\" data-element_type=\"column\" data-e-type=\"column\">\n\t\t\t<div class=\"elementor-widget-wrap elementor-element-populated\">\n\t\t\t\t\t\t<div class=\"elementor-element elementor-element-0c9468d elementor-nav-menu__align-center elementor-nav-menu--dropdown-tablet elementor-nav-menu__text-align-aside elementor-widget elementor-widget-nav-menu\" data-id=\"0c9468d\" data-element_type=\"widget\" data-e-type=\"widget\" data-settings=\"{&quot;layout&quot;:&quot;horizontal&quot;,&quot;submenu_icon&quot;:{&quot;value&quot;:&quot;&lt;i class=\\&quot;fas fa-caret-down\\&quot; aria-hidden=\\&quot;true\\&quot;&gt;&lt;\\\/i&gt;&quot;,&quot;library&quot;:&quot;fa-solid&quot;}}\" data-widget_type=\"nav-menu.default\">\n\t\t\t\t<div class=\"elementor-widget-container\">\n\t\t\t\t\t\t\t\t<nav aria-label=\"Footer Men\u00fc\" class=\"elementor-nav-menu--main elementor-nav-menu__container elementor-nav-menu--layout-horizontal e--pointer-none\">\n\t\t\t\t<ul id=\"menu-1-0c9468d\" class=\"elementor-nav-menu\"><li class=\"menu-item menu-item-type-post_type menu-item-object-page menu-item-499\"><a href=\"https:\/\/e-c-partners.com\/en\/datenschutzerklaerung\/\" class=\"elementor-item menu-link\">Privacy Policy<\/a><\/li>\n<li class=\"menu-item menu-item-type-post_type menu-item-object-page menu-item-500\"><a href=\"https:\/\/e-c-partners.com\/en\/impressum\/\" class=\"elementor-item menu-link\">Legal Notice<\/a><\/li>\n<li class=\"menu-item menu-item-type-post_type menu-item-object-page menu-item-501\"><a href=\"https:\/\/e-c-partners.com\/en\/karriere\/\" class=\"elementor-item menu-link\">Careers<\/a><\/li>\n<li class=\"menu-item menu-item-type-post_type menu-item-object-page menu-item-privacy-policy menu-item-559\"><a rel=\"privacy-policy\" href=\"https:\/\/e-c-partners.com\/en\/privacy-policy\/\" class=\"elementor-item menu-link\">Terms and Conditions<\/a><\/li>\n<\/ul>\t\t\t<\/nav>\n\t\t\t\t\t\t<nav class=\"elementor-nav-menu--dropdown elementor-nav-menu__container\" aria-hidden=\"true\">\n\t\t\t\t<ul id=\"menu-2-0c9468d\" class=\"elementor-nav-menu\"><li class=\"menu-item menu-item-type-post_type menu-item-object-page menu-item-499\"><a href=\"https:\/\/e-c-partners.com\/en\/datenschutzerklaerung\/\" class=\"elementor-item menu-link\" tabindex=\"-1\">Privacy Policy<\/a><\/li>\n<li class=\"menu-item menu-item-type-post_type menu-item-object-page menu-item-500\"><a href=\"https:\/\/e-c-partners.com\/en\/impressum\/\" class=\"elementor-item menu-link\" tabindex=\"-1\">Legal Notice<\/a><\/li>\n<li class=\"menu-item menu-item-type-post_type menu-item-object-page menu-item-501\"><a href=\"https:\/\/e-c-partners.com\/en\/karriere\/\" class=\"elementor-item menu-link\" tabindex=\"-1\">Careers<\/a><\/li>\n<li class=\"menu-item menu-item-type-post_type menu-item-object-page menu-item-privacy-policy menu-item-559\"><a rel=\"privacy-policy\" href=\"https:\/\/e-c-partners.com\/en\/privacy-policy\/\" class=\"elementor-item menu-link\" tabindex=\"-1\">Terms and Conditions<\/a><\/li>\n<\/ul>\t\t\t<\/nav>\n\t\t\t\t\t\t<\/div>\n\t\t\t\t<\/div>\n\t\t\t\t<div class=\"elementor-element elementor-element-f7f4bd1 elementor-widget elementor-widget-spacer\" data-id=\"f7f4bd1\" data-element_type=\"widget\" data-e-type=\"widget\" data-widget_type=\"spacer.default\">\n\t\t\t\t<div class=\"elementor-widget-container\">\n\t\t\t\t\t\t\t<div class=\"elementor-spacer\">\n\t\t\t<div class=\"elementor-spacer-inner\"><\/div>\n\t\t<\/div>\n\t\t\t\t\t\t<\/div>\n\t\t\t\t<\/div>\n\t\t\t\t\t<\/div>\n\t\t<\/div>\n\t\t\t\t\t<\/div>\n\t\t<\/section>\n\t\t\t\t<\/div>","protected":false},"excerpt":{"rendered":"<p>Allgemeine Gesch\u00e4ftsbedingungen (AGB) European Consulting Partners FZCOIFZA Business Park, Silicon Oasis, Dubai, Vereinigte Arabische Emirate 1. Geltungsbereich Diese Allgemeinen Gesch\u00e4ftsbedingungen [&hellip;]<\/p>","protected":false},"author":1,"featured_media":0,"parent":0,"menu_order":0,"comment_status":"closed","ping_status":"open","template":"","meta":{"site-sidebar-layout":"default","site-content-layout":"","ast-site-content-layout":"","site-content-style":"default","site-sidebar-style":"default","ast-global-header-display":"disabled","ast-banner-title-visibility":"disabled","ast-main-header-display":"","ast-hfb-above-header-display":"","ast-hfb-below-header-display":"","ast-hfb-mobile-header-display":"","site-post-title":"","ast-breadcrumbs-content":"","ast-featured-img":"","footer-sml-layout":"disabled","theme-transparent-header-meta":"","adv-header-id-meta":"","stick-header-meta":"","header-above-stick-meta":"","header-main-stick-meta":"","header-below-stick-meta":"","astra-migrate-meta-layouts":"default","ast-page-background-enabled":"default","ast-page-background-meta":{"desktop":{"background-color":"var(--ast-global-color-5)","background-image":"","background-repeat":"repeat","background-position":"center center","background-size":"auto","background-attachment":"scroll","background-type":"","background-media":"","overlay-type":"","overlay-color":"","overlay-opacity":"","overlay-gradient":""},"tablet":{"background-color":"","background-image":"","background-repeat":"repeat","background-position":"center center","background-size":"auto","background-attachment":"scroll","background-type":"","background-media":"","overlay-type":"","overlay-color":"","overlay-opacity":"","overlay-gradient":""},"mobile":{"background-color":"","background-image":"","background-repeat":"repeat","background-position":"center center","background-size":"auto","background-attachment":"scroll","background-type":"","background-media":"","overlay-type":"","overlay-color":"","overlay-opacity":"","overlay-gradient":""}},"ast-content-background-meta":{"desktop":{"background-color":"var(--ast-global-color-4)","background-image":"","background-repeat":"repeat","background-position":"center center","background-size":"auto","background-attachment":"scroll","background-type":"","background-media":"","overlay-type":"","overlay-color":"","overlay-opacity":"","overlay-gradient":""},"tablet":{"background-color":"var(--ast-global-color-4)","background-image":"","background-repeat":"repeat","background-position":"center center","background-size":"auto","background-attachment":"scroll","background-type":"","background-media":"","overlay-type":"","overlay-color":"","overlay-opacity":"","overlay-gradient":""},"mobile":{"background-color":"var(--ast-global-color-4)","background-image":"","background-repeat":"repeat","background-position":"center center","background-size":"auto","background-attachment":"scroll","background-type":"","background-media":"","overlay-type":"","overlay-color":"","overlay-opacity":"","overlay-gradient":""}},"footnotes":""},"class_list":["post-3","page","type-page","status-publish","hentry"],"_links":{"self":[{"href":"https:\/\/e-c-partners.com\/en\/wp-json\/wp\/v2\/pages\/3","targetHints":{"allow":["GET"]}}],"collection":[{"href":"https:\/\/e-c-partners.com\/en\/wp-json\/wp\/v2\/pages"}],"about":[{"href":"https:\/\/e-c-partners.com\/en\/wp-json\/wp\/v2\/types\/page"}],"author":[{"embeddable":true,"href":"https:\/\/e-c-partners.com\/en\/wp-json\/wp\/v2\/users\/1"}],"replies":[{"embeddable":true,"href":"https:\/\/e-c-partners.com\/en\/wp-json\/wp\/v2\/comments?post=3"}],"version-history":[{"count":10,"href":"https:\/\/e-c-partners.com\/en\/wp-json\/wp\/v2\/pages\/3\/revisions"}],"predecessor-version":[{"id":762,"href":"https:\/\/e-c-partners.com\/en\/wp-json\/wp\/v2\/pages\/3\/revisions\/762"}],"wp:attachment":[{"href":"https:\/\/e-c-partners.com\/en\/wp-json\/wp\/v2\/media?parent=3"}],"curies":[{"name":"wp","href":"https:\/\/api.w.org\/{rel}","templated":true}]}}